{"id":589,"date":"2017-12-31T23:31:36","date_gmt":"2017-12-31T23:31:36","guid":{"rendered":"https:\/\/www.welcomecastillayleon.com\/?post_type=product&#038;p=589"},"modified":"2019-12-13T17:46:48","modified_gmt":"2019-12-13T17:46:48","slug":"regalaenoturismo","status":"publish","type":"product","link":"https:\/\/www.welcomecastillayleon.com\/en\/experiencias\/regalaenoturismo\/","title":{"rendered":"Rueda Luxury &#8220;Top&#8221; (copia)"},"content":{"rendered":"<p>&nbsp;<\/p>\n<table style=\"height: 193px;\">\n<tbody>\n<tr>\n<td>N\u00ba de personas<\/td>\n<td>M\u00ednimo 2 personas; M\u00e1ximo 10.<\/td>\n<\/tr>\n<tr>\n<td>D\u00eda<\/td>\n<td>S\u00e1bado<\/td>\n<\/tr>\n<tr>\n<td>Hora<\/td>\n<td>9:30<\/td>\n<\/tr>\n<tr>\n<td>Salida<\/td>\n<td>Recogida en los hoteles de Valladolid participantes en nuestra experiencia.<\/p>\n<p>Parada en en Parador de Tordesillas<\/td>\n<\/tr>\n<tr>\n<td>Precio<\/td>\n<td>Precio general:\u00a0 119,00 \u20ac<\/td>\n<\/tr>\n<tr>\n<td>Duraci\u00f3n<\/td>\n<td>Todo el d\u00eda<\/td>\n<\/tr>\n<tr>\n<td>Observaciones<\/td>\n<td><\/td>\n<\/tr>\n<\/tbody>\n<\/table>\n<p>&nbsp;<\/p>","protected":false},"excerpt":{"rendered":"<p>Salida desde Valladolid \u00a0con Parada en el Parador de Tordesillas para descubrir una jornada en la Ruta del Vino de Rueda llena de cultura y enogastronom\u00eda .<\/p>\n<p>Visita de las Claras de Tordesillas, joya del mud\u00e9jar Espa\u00f1ol , despu\u00e9s visitaremos una bodega subterr\u00e1nea que combina la tradici\u00f3n\u00a0 familiar y la innovaci\u00f3n exclusiva de su vinos.<\/p>\n<p>Almuerzo en Rueda, localidad que da nombre a la Ruta donde podemos degustar un men\u00fa t\u00edpico castellano maridados con vinos Top de la Ruta del Vino de Rueda.<\/p>\n<p>Por la tarde visita al Castillo de la Mota, fortaleza inexpugnable que nos\u00a0 abrir\u00e1 sus puertas e historia determinante para Castilla y Le\u00f3n , continuaremos visitando El Palacio Testamentario de Isabel\u00a0 la Cat\u00f3lica, lugar elegido por la Reina para ver su \u00faltimo rayo de luz e iluminar un reino con su testamento y codicilio.<\/p>\n<p>Nos podemos dejar la Ruta del Vino de Rueda sin hacer una cata comentada de quesos y vinos premium.<\/p>\n<p>Tiempo\u00a0 libre para pasear por las Villas de las Ferias y Regreso a Valladolid.<\/p>\n<p>La experiencia Luxury\u00a0 con transporte\u00a0 incluye:<\/p>\n<ul>\n<li>Transporte durante todo el recorrido.<\/li>\n<li>Visitas a las Claras de Tordesillas.<\/li>\n<li>Visita a Bodega las Muelas.<\/li>\n<li>Almuerzo t\u00edpico castellano en Rueda. Restaurante el Foro.<\/li>\n<li>Visita al Castillo de la Mota y Palacio Testamentario.<\/li>\n<li>Degustaci\u00f3n de quesos maridados con vinos de la Ruta.<\/li>\n<li>Seguro de Viajes.<\/li>\n<\/ul>\n[dopbsp id=\"11\" lang=\"es\"]\n","protected":false},"featured_media":511,"template":"","meta":[],"product_cat":[40,35],"product_tag":[102,101],"_links":{"self":[{"href":"https:\/\/www.welcomecastillayleon.com\/en\/wp-json\/wp\/v2\/product\/589"}],"collection":[{"href":"https:\/\/www.welcomecastillayleon.com\/en\/wp-json\/wp\/v2\/product"}],"about":[{"href":"https:\/\/www.welcomecastillayleon.com\/en\/wp-json\/wp\/v2\/types\/product"}],"wp:featuredmedia":[{"embeddable":true,"href":"https:\/\/www.welcomecastillayleon.com\/en\/wp-json\/wp\/v2\/media\/511"}],"wp:attachment":[{"href":"https:\/\/www.welcomecastillayleon.com\/en\/wp-json\/wp\/v2\/media?parent=589"}],"wp:term":[{"taxonomy":"product_cat","embeddable":true,"href":"https:\/\/www.welcomecastillayleon.com\/en\/wp-json\/wp\/v2\/product_cat?post=589"},{"taxonomy":"product_tag","embeddable":true,"href":"https:\/\/www.welcomecastillayleon.com\/en\/wp-json\/wp\/v2\/product_tag?post=589"}],"curies":[{"name":"wp","href":"https:\/\/api.w.org\/{rel}","templated":true}]}}