{"id":489,"date":"2018-01-01T01:10:08","date_gmt":"2018-01-01T01:10:08","guid":{"rendered":"https:\/\/www.welcomecastillayleon.com\/?post_type=product&#038;p=489"},"modified":"2018-12-20T18:22:13","modified_gmt":"2018-12-20T18:22:13","slug":"rueda-con-amigos-2","status":"publish","type":"product","link":"https:\/\/www.welcomecastillayleon.com\/en\/experiencias\/rueda-con-amigos-2\/","title":{"rendered":"Rueda Con Amigos &#8220;Contraste&#8221;"},"content":{"rendered":"<p>&nbsp;<\/p>\n<table style=\"height: 193px;\">\n<tbody>\n<tr>\n<td>N\u00ba de personas<\/td>\n<td>M\u00ednimo 2 personas; M\u00e1ximo 10.<\/td>\n<\/tr>\n<tr>\n<td>D\u00eda<\/td>\n<td>S\u00e1bado<\/td>\n<\/tr>\n<tr>\n<td>Hora<\/td>\n<td>9:00<\/td>\n<\/tr>\n<tr>\n<td>Salida<\/td>\n<td><\/td>\n<\/tr>\n<tr>\n<td>Precio<\/td>\n<td>Precio general:\u00a0 44,90 \u20ac por persona<\/td>\n<\/tr>\n<tr>\n<td>Duraci\u00f3n<\/td>\n<td>Todo el d\u00eda<\/td>\n<\/tr>\n<tr>\n<td>Observaciones<\/td>\n<td>ANULACIONES En cualquier momento previo a la iniciaci\u00f3n del paquete concertado podr\u00e1 el cliente desistir de los servicios contratados, teniendo derecho a la devoluci\u00f3n de las cantidades que hubiera abonado, pero debiendo indemnizar a WELCOME CASTILLA Y LE\u00d3N, S.L. en las siguientes cuant\u00edas:<\/p>\n<ul>\n<li>Si el desistimiento se produce con m\u00e1s de 7 d\u00edas de antelaci\u00f3n a la fecha de comienzo del paquete: Devoluci\u00f3n del 100% del importe total del viaje.<\/li>\n<li>De 7 a 48 horas antes de la actividad\/paquete: Devoluci\u00f3n del 50%.<\/li>\n<li>Dentro de las 48 horas anteriores a la salida: Penalizaci\u00f3n con el importe total del paquete.<\/li>\n<li>La no presentaci\u00f3n en la salida supondr\u00e1 la p\u00e9rdida total del importe del paquete.<\/li>\n<\/ul>\n<p>WELCOME CASTILLA Y LE\u00d3N se reserva la posibilidad de llevar a cabo cualquier modificaci\u00f3n en los proveedores ofertados comprometi\u00e9ndose a ser sustituidos por uno de igual o mayor categor\u00eda, lo que ser\u00e1 puesto en conocimiento del cliente antes de la celebraci\u00f3n del oportuno paquete\/experiencia.<\/td>\n<\/tr>\n<\/tbody>\n<\/table>\n<p>&nbsp;<\/p>\n","protected":false},"excerpt":{"rendered":"<p>Contraste entre tradici\u00f3n y modernidad con esta experiencia en la Ruta del Vino de Rueda que incluye:<\/p>\n<ul>\n<li>Visita Bodega Ram\u00f3n Bilbao (Rueda)<\/li>\n<li>Comida Mes\u00f3n de Pedro (Matapozuelos)<\/li>\n<li>Visita Guiada Castillo de la Mota (Medina del Campo)<\/li>\n<li>Cata comentada de quesos Ruta del Vino de Rueda en Los Quesos de Juan (Medina del Campo)<\/li>\n<\/ul>\n","protected":false},"featured_media":506,"template":"","meta":[],"product_cat":[15,37,35],"product_tag":[],"_links":{"self":[{"href":"https:\/\/www.welcomecastillayleon.com\/en\/wp-json\/wp\/v2\/product\/489"}],"collection":[{"href":"https:\/\/www.welcomecastillayleon.com\/en\/wp-json\/wp\/v2\/product"}],"about":[{"href":"https:\/\/www.welcomecastillayleon.com\/en\/wp-json\/wp\/v2\/types\/product"}],"wp:featuredmedia":[{"embeddable":true,"href":"https:\/\/www.welcomecastillayleon.com\/en\/wp-json\/wp\/v2\/media\/506"}],"wp:attachment":[{"href":"https:\/\/www.welcomecastillayleon.com\/en\/wp-json\/wp\/v2\/media?parent=489"}],"wp:term":[{"taxonomy":"product_cat","embeddable":true,"href":"https:\/\/www.welcomecastillayleon.com\/en\/wp-json\/wp\/v2\/product_cat?post=489"},{"taxonomy":"product_tag","embeddable":true,"href":"https:\/\/www.welcomecastillayleon.com\/en\/wp-json\/wp\/v2\/product_tag?post=489"}],"curies":[{"name":"wp","href":"https:\/\/api.w.org\/{rel}","templated":true}]}}